{"id":2,"date":"2013-02-08T10:56:49","date_gmt":"2013-02-08T10:56:49","guid":{"rendered":"http:\/\/letik.fr\/blog\/?page_id=2"},"modified":"2013-03-19T22:33:33","modified_gmt":"2013-03-19T22:33:33","slug":"sample-page","status":"publish","type":"page","link":"https:\/\/blog.letik.fr\/?page_id=2","title":{"rendered":"Pr\u00e9sentation"},"content":{"rendered":"<p>Bienvenue sur le sur le site Web du TPE sur le hacking, cr\u00e9\u00e9 par Aloha Di Pellegrini, Edouard Lepercq et Martin Desrumaux. Nous sommes tous \u00e9l\u00e8ve de Saint Louis &#8211; Saint Jude \u00e0 Armenti\u00e8res.<br \/>\nLes hackers sont de plus en plus pr\u00e9sents dans les films de nos jours tels que Millenium (Lisbeth Salander), Batman : The Dark Knight Rises, The Social Network, Tron..<br \/>\nC\u2019est pourquoi nous avons choisi de vous pr\u00e9senter ce mouvement, pour supprimer les pr\u00e9jug\u00e9s des hackers. Vous d\u00e9couvrirez la d\u00e9finition du hacker dans la cat\u00e9gorie &#8220;Qu&#8217;est-ce que le hacker ?&#8221; puis pour illustrer cette d\u00e9finition, les passages importants du mouvement hacking seront d\u00e9crits \u00e0 travers Jude Milhon, notre brillante hacker.<br \/>\nNotre TPE sera diffus\u00e9 en libre acc\u00e8s sur internet pour pr\u00e9senter le hacking aux personnes le souhaitant. <\/p>\n<p style=\"text-align: center;\"><span style=\"color: #1eae25;\">PROBL\u00c9MATIQUE: Comment \u00e9claircir le myst\u00e8re et les pr\u00e9jug\u00e9s du hacker ?<\/span><\/p>\n<p>Bonne lecture !<br \/>\nPS : Vous \u00eates autoris\u00e9s \u00e0 utiliser notre contenu avec notre accord. Pour obtenir les fichiers PDF et de pr\u00e9sentations, merci de nous contacter.<\/p>\n","protected":false},"excerpt":{"rendered":"<p>Bienvenue sur le sur le site Web du TPE sur le hacking, cr\u00e9\u00e9 par Aloha Di Pellegrini, Edouard Lepercq et Martin Desrumaux. Nous sommes tous \u00e9l\u00e8ve de Saint Louis &#8211; Saint Jude \u00e0 Armenti\u00e8res. Les hackers sont de plus en plus pr\u00e9sents dans les films de nos jours tels que Millenium (Lisbeth Salander), Batman : [&hellip;]<\/p>\n","protected":false},"author":1,"featured_media":0,"parent":0,"menu_order":1,"comment_status":"open","ping_status":"open","template":"","meta":[],"_links":{"self":[{"href":"https:\/\/blog.letik.fr\/index.php?rest_route=\/wp\/v2\/pages\/2"}],"collection":[{"href":"https:\/\/blog.letik.fr\/index.php?rest_route=\/wp\/v2\/pages"}],"about":[{"href":"https:\/\/blog.letik.fr\/index.php?rest_route=\/wp\/v2\/types\/page"}],"author":[{"embeddable":true,"href":"https:\/\/blog.letik.fr\/index.php?rest_route=\/wp\/v2\/users\/1"}],"replies":[{"embeddable":true,"href":"https:\/\/blog.letik.fr\/index.php?rest_route=%2Fwp%2Fv2%2Fcomments&post=2"}],"version-history":[{"count":11,"href":"https:\/\/blog.letik.fr\/index.php?rest_route=\/wp\/v2\/pages\/2\/revisions"}],"predecessor-version":[{"id":89,"href":"https:\/\/blog.letik.fr\/index.php?rest_route=\/wp\/v2\/pages\/2\/revisions\/89"}],"wp:attachment":[{"href":"https:\/\/blog.letik.fr\/index.php?rest_route=%2Fwp%2Fv2%2Fmedia&parent=2"}],"curies":[{"name":"wp","href":"https:\/\/api.w.org\/{rel}","templated":true}]}}