{"id":85,"date":"2013-03-19T22:32:13","date_gmt":"2013-03-19T22:32:13","guid":{"rendered":"http:\/\/blog.letik.fr\/?page_id=85"},"modified":"2013-03-24T17:34:31","modified_gmt":"2013-03-24T17:34:31","slug":"conclusion","status":"publish","type":"page","link":"https:\/\/blog.letik.fr\/?page_id=85","title":{"rendered":"Conclusion"},"content":{"rendered":"<p>Au fil de l\u2019\u00e9volution de l\u2019informatique, les hackers se sont diversifi\u00e9s dans diff\u00e9rents domaines. Aujourd\u2019hui, beaucoup de personnes pensent que le web est dangereux \u00e0 cause des hackers, mais se sont les hackers qui prot\u00e8gent les populations d\u2019internet en cr\u00e9ent des anti-virus, en prot\u00e9geant les sites. Sans eux, on ne pourrait pas payer par carte bleue, le web serait encore plus ouvert aux p\u00e9dophiles, pirates et toutes les \u201cvoyous\u201d du net. Nous pensons qu\u2019il faut leurs pr\u00eater une grande consid\u00e9ration et les aider dans leurs t\u00e2ches au lieu de les traiter comme des criminels. Ils sont trait\u00e9s ainsi car les autorit\u00e9s et l\u2019opinion publique ne les prennent pas pour ce qu&#8217;ils sont en r\u00e9alit\u00e9, ce qui entraine la m\u00e9fiance de beaucoup de monde.\u00a0Les hackers ont construit les syst\u00e8mes informatiques, ils ne les d\u00e9truisent pas et n&#8217;en veulent pas a votre argent.<\/p>\n<p>Sources :<\/p>\n<ul>\n<li>Cyber criminalit\u00e9, enqu\u00eates sur les mafias qui envahissent le web. Eric Filoil<\/li>\n<li>Steven Levy (plusieurs livres)<\/li>\n<li>hackitoergosum.org\/<\/li>\n<li>The Pirate Bay AFK<\/li>\n<li>Hackers Ni Dieux Ni Maitre<\/li>\n<li>Pir@tage<\/li>\n<li>Traqu\u00e9s &#8211; Enqu\u00eate sur les marchands d\u2019armes num\u00e9riques<\/li>\n<li>Wikipedia<\/li>\n<li>Hackers, batisseurs depuis 1959<\/li>\n<\/ul>\n","protected":false},"excerpt":{"rendered":"<p>Au fil de l\u2019\u00e9volution de l\u2019informatique, les hackers se sont diversifi\u00e9s dans diff\u00e9rents domaines. Aujourd\u2019hui, beaucoup de personnes pensent que le web est dangereux \u00e0 cause des hackers, mais se sont les hackers qui prot\u00e8gent les populations d\u2019internet en cr\u00e9ent des anti-virus, en prot\u00e9geant les sites. Sans eux, on ne pourrait pas payer par carte [&hellip;]<\/p>\n","protected":false},"author":1,"featured_media":0,"parent":0,"menu_order":4,"comment_status":"open","ping_status":"open","template":"","meta":[],"_links":{"self":[{"href":"https:\/\/blog.letik.fr\/index.php?rest_route=\/wp\/v2\/pages\/85"}],"collection":[{"href":"https:\/\/blog.letik.fr\/index.php?rest_route=\/wp\/v2\/pages"}],"about":[{"href":"https:\/\/blog.letik.fr\/index.php?rest_route=\/wp\/v2\/types\/page"}],"author":[{"embeddable":true,"href":"https:\/\/blog.letik.fr\/index.php?rest_route=\/wp\/v2\/users\/1"}],"replies":[{"embeddable":true,"href":"https:\/\/blog.letik.fr\/index.php?rest_route=%2Fwp%2Fv2%2Fcomments&post=85"}],"version-history":[{"count":4,"href":"https:\/\/blog.letik.fr\/index.php?rest_route=\/wp\/v2\/pages\/85\/revisions"}],"predecessor-version":[{"id":341,"href":"https:\/\/blog.letik.fr\/index.php?rest_route=\/wp\/v2\/pages\/85\/revisions\/341"}],"wp:attachment":[{"href":"https:\/\/blog.letik.fr\/index.php?rest_route=%2Fwp%2Fv2%2Fmedia&parent=85"}],"curies":[{"name":"wp","href":"https:\/\/api.w.org\/{rel}","templated":true}]}}